{"id":1054,"date":"2025-02-11T15:02:07","date_gmt":"2025-02-11T14:02:07","guid":{"rendered":"https:\/\/www.lk-formation.fr\/?page_id=1054"},"modified":"2025-02-11T23:38:30","modified_gmt":"2025-02-11T22:38:30","slug":"travaux-simple","status":"publish","type":"page","link":"https:\/\/www.lk-formation.fr\/index.php\/travaux-simple\/","title":{"rendered":"Travaux simple"},"content":{"rendered":"<div class=\"fusion-fullwidth fullwidth-box fusion-builder-row-1 fusion-flex-container has-pattern-background has-mask-background nonhundred-percent-fullwidth non-hundred-percent-height-scrolling\" style=\"--awb-border-radius-top-left:0px;--awb-border-radius-top-right:0px;--awb-border-radius-bottom-right:0px;--awb-border-radius-bottom-left:0px;--awb-flex-wrap:wrap;\" ><div class=\"fusion-builder-row fusion-row fusion-flex-align-items-flex-start fusion-flex-content-wrap\" style=\"max-width:1216.8px;margin-left: calc(-4% \/ 2 );margin-right: calc(-4% \/ 2 );\"><div class=\"fusion-layout-column fusion_builder_column fusion-builder-column-0 fusion_builder_column_1_5 1_5 fusion-flex-column\" style=\"--awb-bg-size:cover;--awb-width-large:20%;--awb-margin-top-large:0px;--awb-spacing-right-large:9.6%;--awb-margin-bottom-large:20px;--awb-spacing-left-large:9.6%;--awb-width-medium:100%;--awb-order-medium:0;--awb-spacing-right-medium:1.92%;--awb-spacing-left-medium:1.92%;--awb-width-small:100%;--awb-order-small:0;--awb-spacing-right-small:1.92%;--awb-spacing-left-small:1.92%;\"><div class=\"fusion-column-wrapper fusion-column-has-shadow fusion-flex-justify-content-flex-start fusion-content-layout-column\"><div class=\"fusion-image-element \" style=\"--awb-caption-title-font-family:var(--h2_typography-font-family);--awb-caption-title-font-weight:var(--h2_typography-font-weight);--awb-caption-title-font-style:var(--h2_typography-font-style);--awb-caption-title-size:var(--h2_typography-font-size);--awb-caption-title-transform:var(--h2_typography-text-transform);--awb-caption-title-line-height:var(--h2_typography-line-height);--awb-caption-title-letter-spacing:var(--h2_typography-letter-spacing);\"><span class=\" fusion-imageframe imageframe-none imageframe-1 hover-type-none\"><img decoding=\"async\" width=\"300\" height=\"200\" title=\"Depositphotos_118476202_XL\" src=\"data:image\/svg+xml,%3Csvg%20xmlns%3D%27http%3A%2F%2Fwww.w3.org%2F2000%2Fsvg%27%20width%3D%272560%27%20height%3D%271709%27%20viewBox%3D%270%200%202560%201709%27%3E%3Crect%20width%3D%272560%27%20height%3D%271709%27%20fill-opacity%3D%220%22%2F%3E%3C%2Fsvg%3E\" data-orig-src=\"https:\/\/www.lk-formation.fr\/wp-content\/uploads\/2025\/02\/Depositphotos_118476202_XL-1-300x200.jpg\" alt class=\"lazyload img-responsive wp-image-1025\"\/><\/span><\/div><div class=\"fusion-separator fusion-full-width-sep\" style=\"align-self: center;margin-left: auto;margin-right: auto;width:100%;\"><div class=\"fusion-separator-border sep-double\" style=\"--awb-height:20px;--awb-amount:20px;--awb-sep-color:var(--awb-color1);border-color:var(--awb-color1);border-top-width:30px;border-bottom-width:30px;\"><\/div><\/div><div class=\"fusion-text fusion-text-1\"><p style=\"text-align: center;\"><strong>\u23f1\ufe0f DUR\u00c9E :<\/strong><\/p>\n<p style=\"text-align: center;\">&#8211; Initial 14h sur 2 jours<\/p>\n<p style=\"text-align: center;\">&#8211; Recyclage 10h30 sur 1 jour 1\/2<\/p>\n<p style=\"text-align: center;\"><strong>\ud83d\udc65 GROUPE :<\/strong><\/p>\n<p style=\"text-align: center;\">&#8211; 4 \u00e0 10 personnes<\/p>\n<p style=\"text-align: center;\">\ud83c\udf93 <strong>PR\u00c9REQUIS :<\/strong><\/p>\n<p style=\"text-align: center;\">&#8211; Avoir des connaissances ou dipl\u00f4mes dans le domaine<\/p>\n<p style=\"text-align: center;\"><strong>\ud83d\udc64 TYPE DE PUBLIC :<\/strong><\/p>\n<p style=\"text-align: center;\">&#8211; Tout public<\/p>\n<p style=\"text-align: center;\">&#8211; Accessible aux personnes en situation de handicap<\/p>\n<p style=\"text-align: center;\">\ud83e\udd14 <strong>M\u00c9THODES D&rsquo;\u00c9VALUATION :<\/strong><\/p>\n<p style=\"text-align: center;\">&#8211; Apport th\u00e9orique et pratique<\/p>\n<p style=\"text-align: center;\">&#8211; QCM<\/p>\n<p style=\"text-align: center;\">&#8211; Mise en situation r\u00e9elle<\/p>\n<p style=\"text-align: center;\"><strong>\u20ac TARIFS :<\/strong><\/p>\n<p style=\"text-align: center;\">&#8211; Demander un devis<\/p>\n<\/div><\/div><\/div><div class=\"fusion-layout-column fusion_builder_column fusion-builder-column-1 fusion_builder_column_4_5 4_5 fusion-flex-column\" style=\"--awb-bg-size:cover;--awb-width-large:80%;--awb-margin-top-large:0px;--awb-spacing-right-large:2.4%;--awb-margin-bottom-large:20px;--awb-spacing-left-large:2.4%;--awb-width-medium:100%;--awb-order-medium:0;--awb-spacing-right-medium:1.92%;--awb-spacing-left-medium:1.92%;--awb-width-small:100%;--awb-order-small:0;--awb-spacing-right-small:1.92%;--awb-spacing-left-small:1.92%;\"><div class=\"fusion-column-wrapper fusion-column-has-shadow fusion-flex-justify-content-flex-start fusion-content-layout-column\"><div class=\"fusion-title title fusion-title-1 fusion-sep-none fusion-title-text fusion-title-size-one\"><h1 class=\"fusion-title-heading title-heading-left fusion-responsive-typography-calculated\" style=\"margin:0;text-transform:capitalize;--fontSize:60;line-height:var(--awb-typography1-line-height);\"><h1 style=\"text-align: center;\">Personnel non \u00e9lectricien : travaux simples<\/h1><\/h1><\/div><div class=\"fusion-separator fusion-full-width-sep\" style=\"align-self: center;margin-left: auto;margin-right: auto;width:100%;\"><div class=\"fusion-separator-border sep-double\" style=\"--awb-height:20px;--awb-amount:20px;--awb-sep-color:var(--awb-color1);border-color:var(--awb-color1);border-top-width:30px;border-bottom-width:30px;\"><\/div><\/div><div class=\"fusion-text fusion-text-2\"><p style=\"text-align: center;\"><strong>\ud83c\udfaf Objectif p\u00e9dagogique :<\/strong><\/p>\n<ul>\n<li class=\"p1\">Assurer la s\u00e9curit\u00e9 des personnes contre les dangers d\u2019origine \u00e9lectrique lorsqu\u2019elles effectuent des op\u00e9rations d&rsquo;ordre \u00e9lectrique sur des <span class=\"s1\">ouvrages<\/span> ou des <span class=\"s1\">installations<\/span> de toute tension inf\u00e9rieure ou \u00e9gale \u00e0 500 kV en courant alternatif ou en courant continu, et ce, quelle que soit la nature des activit\u00e9s.<\/li>\n<li class=\"p1\"><span style=\"color: var(--awb-text-color); font-family: var(--awb-text-font-family); font-size: var(--awb-font-size); font-style: var(--awb-text-font-style); font-weight: var(--awb-text-font-weight); letter-spacing: var(--awb-letter-spacing); text-align: var(--awb-content-alignment); text-transform: var(--awb-text-transform); background-color: var(--awb-bg-color-hover);\">Connaitre les prescriptions et exigences contenues dans les textes r\u00e9glementaires en vigueur en mati\u00e8re de risque \u00e9lectrique de la norme fran\u00e7aise NF C 18-510 de 2012 et de l\u2019amendement A1 de 2020 et de l\u2019amendement A2 de 2023.<\/span><\/li>\n<\/ul>\n<p style=\"text-align: center;\"><strong>\ud83d\udcbc Contenu de la formation :<\/strong><\/p>\n<ul>\n<li><strong>Th\u00e9orie :<\/strong><\/li>\n<\/ul>\n<p>Les principes de l&rsquo;habilitation \u00e9lectrique<\/p>\n<p>Les grandeurs \u00e9lectriques rencontr\u00e9es lors des diff\u00e9rentes op\u00e9rations : courant alternatif et continu intensit\u00e9, tension, puissance<\/p>\n<p>Les effets du courant sur le corps humain<\/p>\n<p>Les limites des diff\u00e9rents domaines de tension et reconna\u00eetre le mat\u00e9riel relevant des ouvrages ou des installations<\/p>\n<p>Les zones d&rsquo;environnement et leurs limites<\/p>\n<p>Evaluer le risque \u00e9lectrique et mettre en oeuvre les principes de pr\u00e9vention<\/p>\n<p>Les diff\u00e9rentes habilitations et leurs limites<\/p>\n<p>Les \u00e9quipements de protection collective et individuelle<\/p>\n<p>Le mat\u00e9riel et outillage appropri\u00e9, conna\u00eetre les risques li\u00e9s \u00e0 sa manipulation<\/p>\n<p>Les proc\u00e9dures et consignes en cas d&rsquo;incendie ou d&rsquo;accident dans un environnement \u00e9lectrique<\/p>\n<p>Assurer la surveillance \u00e9lectrique des op\u00e9rations<\/p>\n<p>La mise en s\u00e9curit\u00e9 d&rsquo;un circuit (mise hors tension, consignation, mise hors de port\u00e9e) et la v\u00e9rification d&rsquo;absence de tension<\/p>\n<ul>\n<li><strong>Pratique :<\/strong><\/li>\n<\/ul>\n<p>R\u00e9aliser une mise en s\u00e9curit\u00e9<\/p>\n<p>Identifier, v\u00e9rifier et utiliser les \u00e9quipements de protection collective et individuelle adapt\u00e9s \u00e0 sa mission<\/p>\n<p>Mettre en oeuvre le mat\u00e9riel et l&rsquo;outillage appropri\u00e9s selon l&rsquo;ouvrage sur lequel il\/elle intervient<\/p>\n<p>R\u00e9aliser une mise en s\u00e9curit\u00e9 pour son propre compte avant intervention<\/p>\n<\/div><\/div><\/div><\/div><\/div>\n","protected":false},"excerpt":{"rendered":"","protected":false},"author":1,"featured_media":0,"parent":0,"menu_order":0,"comment_status":"closed","ping_status":"closed","template":"","meta":{"footnotes":""},"class_list":["post-1054","page","type-page","status-publish","hentry"],"_links":{"self":[{"href":"https:\/\/www.lk-formation.fr\/index.php\/wp-json\/wp\/v2\/pages\/1054","targetHints":{"allow":["GET"]}}],"collection":[{"href":"https:\/\/www.lk-formation.fr\/index.php\/wp-json\/wp\/v2\/pages"}],"about":[{"href":"https:\/\/www.lk-formation.fr\/index.php\/wp-json\/wp\/v2\/types\/page"}],"author":[{"embeddable":true,"href":"https:\/\/www.lk-formation.fr\/index.php\/wp-json\/wp\/v2\/users\/1"}],"replies":[{"embeddable":true,"href":"https:\/\/www.lk-formation.fr\/index.php\/wp-json\/wp\/v2\/comments?post=1054"}],"version-history":[{"count":7,"href":"https:\/\/www.lk-formation.fr\/index.php\/wp-json\/wp\/v2\/pages\/1054\/revisions"}],"predecessor-version":[{"id":1126,"href":"https:\/\/www.lk-formation.fr\/index.php\/wp-json\/wp\/v2\/pages\/1054\/revisions\/1126"}],"wp:attachment":[{"href":"https:\/\/www.lk-formation.fr\/index.php\/wp-json\/wp\/v2\/media?parent=1054"}],"curies":[{"name":"wp","href":"https:\/\/api.w.org\/{rel}","templated":true}]}}