{"id":1081,"date":"2025-02-11T15:05:31","date_gmt":"2025-02-11T14:05:31","guid":{"rendered":"https:\/\/www.lk-formation.fr\/?page_id=1081"},"modified":"2025-02-11T23:48:02","modified_gmt":"2025-02-11T22:48:02","slug":"gestes-et-postures","status":"publish","type":"page","link":"https:\/\/www.lk-formation.fr\/index.php\/gestes-et-postures\/","title":{"rendered":"Gestes et Postures"},"content":{"rendered":"<div class=\"fusion-fullwidth fullwidth-box fusion-builder-row-1 fusion-flex-container has-pattern-background has-mask-background nonhundred-percent-fullwidth non-hundred-percent-height-scrolling\" style=\"--awb-border-radius-top-left:0px;--awb-border-radius-top-right:0px;--awb-border-radius-bottom-right:0px;--awb-border-radius-bottom-left:0px;--awb-flex-wrap:wrap;\" ><div class=\"fusion-builder-row fusion-row fusion-flex-align-items-flex-start fusion-flex-content-wrap\" style=\"max-width:1216.8px;margin-left: calc(-4% \/ 2 );margin-right: calc(-4% \/ 2 );\"><div class=\"fusion-layout-column fusion_builder_column fusion-builder-column-0 fusion_builder_column_1_5 1_5 fusion-flex-column\" style=\"--awb-bg-size:cover;--awb-width-large:20%;--awb-margin-top-large:0px;--awb-spacing-right-large:9.6%;--awb-margin-bottom-large:20px;--awb-spacing-left-large:9.6%;--awb-width-medium:100%;--awb-order-medium:0;--awb-spacing-right-medium:1.92%;--awb-spacing-left-medium:1.92%;--awb-width-small:100%;--awb-order-small:0;--awb-spacing-right-small:1.92%;--awb-spacing-left-small:1.92%;\"><div class=\"fusion-column-wrapper fusion-column-has-shadow fusion-flex-justify-content-flex-start fusion-content-layout-column\"><div class=\"fusion-image-element \" style=\"--awb-caption-title-font-family:var(--h2_typography-font-family);--awb-caption-title-font-weight:var(--h2_typography-font-weight);--awb-caption-title-font-style:var(--h2_typography-font-style);--awb-caption-title-size:var(--h2_typography-font-size);--awb-caption-title-transform:var(--h2_typography-text-transform);--awb-caption-title-line-height:var(--h2_typography-line-height);--awb-caption-title-letter-spacing:var(--h2_typography-letter-spacing);\"><span class=\" fusion-imageframe imageframe-none imageframe-1 hover-type-none\"><img decoding=\"async\" width=\"300\" height=\"200\" title=\"Depositphotos_748193076_XL\" src=\"https:\/\/www.lk-formation.fr\/wp-content\/uploads\/2024\/12\/Depositphotos_748193076_XL-scaled.jpg\" data-orig-src=\"https:\/\/www.lk-formation.fr\/wp-content\/uploads\/2024\/12\/Depositphotos_748193076_XL-300x200.jpg\" alt class=\"lazyload img-responsive wp-image-896\" srcset=\"data:image\/svg+xml,%3Csvg%20xmlns%3D%27http%3A%2F%2Fwww.w3.org%2F2000%2Fsvg%27%20width%3D%272560%27%20height%3D%271707%27%20viewBox%3D%270%200%202560%201707%27%3E%3Crect%20width%3D%272560%27%20height%3D%271707%27%20fill-opacity%3D%220%22%2F%3E%3C%2Fsvg%3E\" data-srcset=\"https:\/\/www.lk-formation.fr\/wp-content\/uploads\/2024\/12\/Depositphotos_748193076_XL-200x133.jpg 200w, https:\/\/www.lk-formation.fr\/wp-content\/uploads\/2024\/12\/Depositphotos_748193076_XL-400x267.jpg 400w, https:\/\/www.lk-formation.fr\/wp-content\/uploads\/2024\/12\/Depositphotos_748193076_XL-600x400.jpg 600w, https:\/\/www.lk-formation.fr\/wp-content\/uploads\/2024\/12\/Depositphotos_748193076_XL-800x533.jpg 800w, https:\/\/www.lk-formation.fr\/wp-content\/uploads\/2024\/12\/Depositphotos_748193076_XL-1200x800.jpg 1200w\" data-sizes=\"auto\" data-orig-sizes=\"(max-width: 800px) 100vw, (max-width: 640px) 100vw, 200px\" \/><\/span><\/div><div class=\"fusion-separator fusion-full-width-sep\" style=\"align-self: center;margin-left: auto;margin-right: auto;width:100%;\"><div class=\"fusion-separator-border sep-double\" style=\"--awb-height:20px;--awb-amount:20px;--awb-sep-color:var(--awb-color1);border-color:var(--awb-color1);border-top-width:30px;border-bottom-width:30px;\"><\/div><\/div><div class=\"fusion-text fusion-text-1\"><p style=\"text-align: center;\"><strong>\u23f1\ufe0f DUR\u00c9E :<\/strong><\/p>\n<p style=\"text-align: center;\">&#8211; Initial 3h sur 1\/2 journ\u00e9e<\/p>\n<p style=\"text-align: center;\">&#8211; Recyclage 3h sur 1\/2 journ\u00e9e <\/p>\n<p style=\"text-align: center;\"><strong>\ud83d\udc65 GROUPE :<\/strong><\/p>\n<p style=\"text-align: center;\">&#8211; 4 \u00e0 10 personnes<\/p>\n<p style=\"text-align: center;\">\ud83c\udf93 <strong>PR\u00c9REQUIS :<\/strong><\/p>\n<p style=\"text-align: center;\">&#8211; Aucun<\/p>\n<p style=\"text-align: center;\"><strong>\ud83d\udc64 TYPE DE PUBLIC :<\/strong><\/p>\n<p style=\"text-align: center;\">&#8211; Tout public<\/p>\n<p style=\"text-align: center;\">&#8211; Accessible aux personnes en situation de handicap<\/p>\n<p style=\"text-align: center;\">\ud83e\udd14 <strong>M\u00c9THODES D&rsquo;\u00c9VALUATION :<\/strong><\/p>\n<p style=\"text-align: center;\">&#8211; Apport th\u00e9orique et pratique<\/p>\n<p style=\"text-align: center;\">&#8211; QCM<\/p>\n<p style=\"text-align: center;\">&#8211; Mise en situation r\u00e9elle<\/p>\n<p style=\"text-align: center;\"><strong>\u20ac TARIFS :<\/strong><\/p>\n<p style=\"text-align: center;\">&#8211; Demander un devis<\/p>\n<\/div><\/div><\/div><div class=\"fusion-layout-column fusion_builder_column fusion-builder-column-1 fusion_builder_column_4_5 4_5 fusion-flex-column\" style=\"--awb-bg-size:cover;--awb-width-large:80%;--awb-margin-top-large:0px;--awb-spacing-right-large:2.4%;--awb-margin-bottom-large:20px;--awb-spacing-left-large:2.4%;--awb-width-medium:100%;--awb-order-medium:0;--awb-spacing-right-medium:1.92%;--awb-spacing-left-medium:1.92%;--awb-width-small:100%;--awb-order-small:0;--awb-spacing-right-small:1.92%;--awb-spacing-left-small:1.92%;\"><div class=\"fusion-column-wrapper fusion-column-has-shadow fusion-flex-justify-content-flex-start fusion-content-layout-column\"><div class=\"fusion-title title fusion-title-1 fusion-sep-none fusion-title-text fusion-title-size-one\"><h1 class=\"fusion-title-heading title-heading-left fusion-responsive-typography-calculated\" style=\"margin:0;text-transform:capitalize;--fontSize:60;line-height:var(--awb-typography1-line-height);\"><h1 style=\"text-align: center;\">Gestes et postures (TMS)<\/h1><\/h1><\/div><div class=\"fusion-separator fusion-full-width-sep\" style=\"align-self: center;margin-left: auto;margin-right: auto;width:100%;\"><div class=\"fusion-separator-border sep-double\" style=\"--awb-height:20px;--awb-amount:20px;--awb-sep-color:var(--awb-color1);border-color:var(--awb-color1);border-top-width:30px;border-bottom-width:30px;\"><\/div><\/div><div class=\"fusion-text fusion-text-2\"><p style=\"text-align: center;\"><strong>\ud83c\udfaf Objectif p\u00e9dagogique :<\/strong><\/p>\n<ul>\n<li class=\"p1\">Sensibiliser le personnel aux risques des mauvaises postures li\u00e9es \u00e0 son activit\u00e9 en adaptant les gestes au poste de travail concern\u00e9 et \u00e0 l&rsquo;\u00e9conomie d&rsquo;effort en utilisant du mat\u00e9riel ergonomique si possible<\/li>\n<li class=\"p1\">Connaitre les principes de fonctionnement du corps humain, les contraintes posturales et articulaires au travail<\/li>\n<\/ul>\n<p style=\"text-align: center;\"><strong>\ud83d\udcbc Contenu de la formation :<\/strong><\/p>\n<ul>\n<li><strong>Th\u00e9orie :<\/strong><\/li>\n<\/ul>\n<p>Les troubles musculo-squelettiques (TMS) <br \/>Les enjeux li\u00e9s \u00e0 la sant\u00e9<br \/>Connaissance du corps humain<br \/>L&rsquo;anatomie <br \/>Les accidents du dos<br \/>Les maladies professionnelles<br \/>Mauvais gestes, mauvaises postures<br \/>Principes de pr\u00e9vention <br \/>Les diff\u00e9rentes techniques gestuelles<br \/>Eviter les postures douloureuses <br \/>Bons gestes, bonne pratique, les applications dans la vie professionnelle et personnelle <br \/>Economiser ses efforts<\/p>\n<ul>\n<li><strong>Pratique :<\/strong><\/li>\n<\/ul>\n<p>Observation des postes de travail de chaque participant<\/p>\n<p>Mise en situation avec conseil et bons gestes d&rsquo;application <\/p><\/p>\n<\/div><\/div><\/div><\/div><\/div>\n","protected":false},"excerpt":{"rendered":"","protected":false},"author":1,"featured_media":0,"parent":0,"menu_order":0,"comment_status":"closed","ping_status":"closed","template":"","meta":{"footnotes":""},"class_list":["post-1081","page","type-page","status-publish","hentry"],"_links":{"self":[{"href":"https:\/\/www.lk-formation.fr\/index.php\/wp-json\/wp\/v2\/pages\/1081","targetHints":{"allow":["GET"]}}],"collection":[{"href":"https:\/\/www.lk-formation.fr\/index.php\/wp-json\/wp\/v2\/pages"}],"about":[{"href":"https:\/\/www.lk-formation.fr\/index.php\/wp-json\/wp\/v2\/types\/page"}],"author":[{"embeddable":true,"href":"https:\/\/www.lk-formation.fr\/index.php\/wp-json\/wp\/v2\/users\/1"}],"replies":[{"embeddable":true,"href":"https:\/\/www.lk-formation.fr\/index.php\/wp-json\/wp\/v2\/comments?post=1081"}],"version-history":[{"count":6,"href":"https:\/\/www.lk-formation.fr\/index.php\/wp-json\/wp\/v2\/pages\/1081\/revisions"}],"predecessor-version":[{"id":1129,"href":"https:\/\/www.lk-formation.fr\/index.php\/wp-json\/wp\/v2\/pages\/1081\/revisions\/1129"}],"wp:attachment":[{"href":"https:\/\/www.lk-formation.fr\/index.php\/wp-json\/wp\/v2\/media?parent=1081"}],"curies":[{"name":"wp","href":"https:\/\/api.w.org\/{rel}","templated":true}]}}