{"id":851,"date":"2015-02-10T19:21:19","date_gmt":"2015-02-10T19:21:19","guid":{"rendered":"https:\/\/avada.theme-fusion.com_demos\/architecture\/?page_id=9"},"modified":"2025-02-11T23:07:08","modified_gmt":"2025-02-11T22:07:08","slug":"about","status":"publish","type":"page","link":"https:\/\/www.lk-formation.fr\/index.php\/about\/","title":{"rendered":"About"},"content":{"rendered":"<div class=\"fusion-fullwidth fullwidth-box fusion-builder-row-1 fusion-flex-container nonhundred-percent-fullwidth non-hundred-percent-height-scrolling\" style=\"--awb-background-position:left top;--awb-border-sizes-top:0px;--awb-border-sizes-bottom:0px;--awb-border-sizes-left:0px;--awb-border-sizes-right:0px;--awb-border-radius-top-left:0px;--awb-border-radius-top-right:0px;--awb-border-radius-bottom-right:0px;--awb-border-radius-bottom-left:0px;--awb-padding-top:150px;--awb-padding-bottom:150px;--awb-flex-wrap:wrap;\" ><div class=\"fusion-builder-row fusion-row fusion-flex-align-items-flex-start fusion-flex-content-wrap\" style=\"max-width:1216.8px;margin-left: calc(-4% \/ 2 );margin-right: calc(-4% \/ 2 );\"><div class=\"fusion-layout-column fusion_builder_column fusion-builder-column-0 fusion_builder_column_1_2 1_2 fusion-flex-column\" style=\"--awb-bg-size:cover;--awb-width-large:50%;--awb-margin-top-large:0px;--awb-spacing-right-large:3.84%;--awb-margin-bottom-large:20px;--awb-spacing-left-large:3.84%;--awb-width-medium:100%;--awb-spacing-right-medium:1.92%;--awb-spacing-left-medium:1.92%;--awb-width-small:100%;--awb-spacing-right-small:1.92%;--awb-spacing-left-small:1.92%;\"><div class=\"fusion-column-wrapper fusion-flex-justify-content-flex-start fusion-content-layout-column\"><div class=\"fusion-title title fusion-title-1 fusion-sep-none fusion-title-text fusion-title-size-two\" style=\"--awb-margin-bottom:50px;\"><h2 class=\"fusion-title-heading title-heading-left fusion-responsive-typography-calculated\" style=\"margin:0;text-transform:capitalize;--fontSize:48;line-height:var(--awb-typography1-line-height);\"><h1>Qui sommes-nous ?<\/h1><\/h2><\/div><div class=\"fusion-separator\" style=\"align-self: flex-start;margin-right:auto;margin-top:0px;margin-bottom:40px;width:100%;max-width:170px;\"><div class=\"fusion-separator-border sep-single sep-solid\" style=\"--awb-height:20px;--awb-amount:20px;--awb-sep-color:var(--awb-color3);border-color:var(--awb-color3);border-top-width:3px;\"><\/div><\/div><div class=\"fusion-text fusion-text-1\" style=\"--awb-font-size:var(--awb-typography2-font-size);--awb-line-height:var(--awb-typography2-line-height);--awb-letter-spacing:var(--awb-typography2-letter-spacing);--awb-text-transform:var(--awb-typography2-text-transform);--awb-text-font-family:var(--awb-typography2-font-family);--awb-text-font-weight:var(--awb-typography2-font-weight);--awb-text-font-style:var(--awb-typography2-font-style);\"><p><span style=\"vertical-align: inherit;\"><span style=\"vertical-align: inherit;\">Organisme de formation en conseil, pr\u00e9vention, sant\u00e9 et s\u00e9curit\u00e9 au travail.<\/span><\/span><\/p>\n<\/div><div class=\"fusion-separator\" style=\"align-self: flex-start;margin-right:auto;margin-top:0px;margin-bottom:30px;width:100%;max-width:170px;\"><\/div><div class=\"fusion-text fusion-text-2\"><p><span style=\"vertical-align: inherit;\"><span style=\"vertical-align: inherit;\"><span style=\"vertical-align: inherit;\"><span style=\"vertical-align: inherit;\">LK Formation, est un organisme de formation varois cr\u00e9\u00e9 en 2025 avec une expertise plus ancienne. En effet le responsable p\u00e9dagogique travaille dans le milieu de la formation depuis plus de douze ans en tant que formateur, concepteur. Il se distingue par une expertise terrain de plus de quinze ans et intervient principalement sur les th\u00e9matiques de formation comme le conseil entreprise, le secourisme, habilitation \u00e9lectrique, incendie ERP et bien d&rsquo;autres domaines afin de d\u00e9velopper la mise en conformit\u00e9 avec ses clients.<\/span><\/span><\/span><\/span><\/p>\n<p><span style=\"vertical-align: inherit;\"><span style=\"vertical-align: inherit;\"><span style=\"vertical-align: inherit;\"><span style=\"vertical-align: inherit;\">LK Formation effectue une analyse des besoins et une ing\u00e9nierie p\u00e9dagogique sur mesure en alternant entre th\u00e9orie et pratique. Nos d\u00e9marches de formation s&rsquo;int\u00e8grent toujours dans une action globale : les formations sont personnalis\u00e9es et les m\u00e9thodes p\u00e9dagogiques individualis\u00e9es dans le but de savoir faire soi-m\u00eame, en totale autonomie. <\/span><\/span><\/span><\/span><\/p>\n<\/div><\/div><\/div><div class=\"fusion-layout-column fusion_builder_column fusion-builder-column-1 fusion_builder_column_1_2 1_2 fusion-flex-column\" style=\"--awb-bg-size:cover;--awb-width-large:50%;--awb-margin-top-large:0px;--awb-spacing-right-large:3.84%;--awb-margin-bottom-large:20px;--awb-spacing-left-large:3.84%;--awb-width-medium:100%;--awb-spacing-right-medium:1.92%;--awb-spacing-left-medium:1.92%;--awb-width-small:100%;--awb-spacing-right-small:1.92%;--awb-spacing-left-small:1.92%;\"><div class=\"fusion-column-wrapper fusion-flex-justify-content-flex-start fusion-content-layout-column\"><div class=\"fusion-image-element \" style=\"--awb-caption-title-font-family:var(--h2_typography-font-family);--awb-caption-title-font-weight:var(--h2_typography-font-weight);--awb-caption-title-font-style:var(--h2_typography-font-style);--awb-caption-title-size:var(--h2_typography-font-size);--awb-caption-title-transform:var(--h2_typography-text-transform);--awb-caption-title-line-height:var(--h2_typography-line-height);--awb-caption-title-letter-spacing:var(--h2_typography-letter-spacing);\"><span class=\" fusion-imageframe imageframe-none imageframe-1 hover-type-zoomin fusion-animated\" data-animationType=\"fadeInDown\" data-animationDuration=\"1\" data-animationOffset=\"top-into-view\"><a href=\"https:\/\/www.lk-formation.fr\/wp-content\/uploads\/2024\/12\/Depositphotos_78294208_XL-300x200.jpg\" class=\"fusion-lightbox\" data-rel=\"iLightbox[da6085b7f0ea28589b7]\" data-title=\"Depositphotos_78294208_XL\" title=\"Depositphotos_78294208_XL\"><img decoding=\"async\" width=\"300\" height=\"200\" src=\"https:\/\/www.lk-formation.fr\/wp-content\/uploads\/2024\/12\/Depositphotos_78294208_XL-scaled.jpg\" data-orig-src=\"https:\/\/www.lk-formation.fr\/wp-content\/uploads\/2024\/12\/Depositphotos_78294208_XL-300x200.jpg\" alt class=\"lazyload img-responsive wp-image-911\" srcset=\"data:image\/svg+xml,%3Csvg%20xmlns%3D%27http%3A%2F%2Fwww.w3.org%2F2000%2Fsvg%27%20width%3D%272560%27%20height%3D%271707%27%20viewBox%3D%270%200%202560%201707%27%3E%3Crect%20width%3D%272560%27%20height%3D%271707%27%20fill-opacity%3D%220%22%2F%3E%3C%2Fsvg%3E\" data-srcset=\"https:\/\/www.lk-formation.fr\/wp-content\/uploads\/2024\/12\/Depositphotos_78294208_XL-200x133.jpg 200w, https:\/\/www.lk-formation.fr\/wp-content\/uploads\/2024\/12\/Depositphotos_78294208_XL-400x267.jpg 400w, https:\/\/www.lk-formation.fr\/wp-content\/uploads\/2024\/12\/Depositphotos_78294208_XL-600x400.jpg 600w, https:\/\/www.lk-formation.fr\/wp-content\/uploads\/2024\/12\/Depositphotos_78294208_XL-800x533.jpg 800w, https:\/\/www.lk-formation.fr\/wp-content\/uploads\/2024\/12\/Depositphotos_78294208_XL-1200x800.jpg 1200w\" data-sizes=\"auto\" data-orig-sizes=\"(max-width: 800px) 100vw, (max-width: 640px) 100vw, 600px\" \/><\/a><\/span><\/div><div class=\"fusion-separator fusion-full-width-sep\" style=\"align-self: center;margin-left: auto;margin-right: auto;margin-top:40px;width:100%;\"><\/div><div class=\"fusion-text fusion-text-3\"><p><span style=\"vertical-align: inherit;\"><span style=\"vertical-align: inherit;\">Nous mettons en place des actions de formation pratique dans lesquelles les participants retrouvent des outils et m\u00e9thodes qui les aideront dans leur activit\u00e9 quotidienne et r\u00e9pondant au exigences des normes r\u00e9glementaires.<\/span><\/span><\/p>\n<\/div><\/div><\/div><\/div><\/div>\n","protected":false},"excerpt":{"rendered":"","protected":false},"author":1,"featured_media":0,"parent":0,"menu_order":0,"comment_status":"closed","ping_status":"open","template":"100-width.php","meta":{"footnotes":""},"class_list":["post-851","page","type-page","status-publish","hentry"],"_links":{"self":[{"href":"https:\/\/www.lk-formation.fr\/index.php\/wp-json\/wp\/v2\/pages\/851","targetHints":{"allow":["GET"]}}],"collection":[{"href":"https:\/\/www.lk-formation.fr\/index.php\/wp-json\/wp\/v2\/pages"}],"about":[{"href":"https:\/\/www.lk-formation.fr\/index.php\/wp-json\/wp\/v2\/types\/page"}],"author":[{"embeddable":true,"href":"https:\/\/www.lk-formation.fr\/index.php\/wp-json\/wp\/v2\/users\/1"}],"replies":[{"embeddable":true,"href":"https:\/\/www.lk-formation.fr\/index.php\/wp-json\/wp\/v2\/comments?post=851"}],"version-history":[{"count":10,"href":"https:\/\/www.lk-formation.fr\/index.php\/wp-json\/wp\/v2\/pages\/851\/revisions"}],"predecessor-version":[{"id":1109,"href":"https:\/\/www.lk-formation.fr\/index.php\/wp-json\/wp\/v2\/pages\/851\/revisions\/1109"}],"wp:attachment":[{"href":"https:\/\/www.lk-formation.fr\/index.php\/wp-json\/wp\/v2\/media?parent=851"}],"curies":[{"name":"wp","href":"https:\/\/api.w.org\/{rel}","templated":true}]}}