{"id":984,"date":"2025-02-11T14:58:36","date_gmt":"2025-02-11T13:58:36","guid":{"rendered":"https:\/\/www.lk-formation.fr\/?page_id=984"},"modified":"2025-02-11T23:27:25","modified_gmt":"2025-02-11T22:27:25","slug":"epi-evac","status":"publish","type":"page","link":"https:\/\/www.lk-formation.fr\/index.php\/epi-evac\/","title":{"rendered":"EPI + EVAC"},"content":{"rendered":"<div class=\"fusion-fullwidth fullwidth-box fusion-builder-row-1 fusion-flex-container has-pattern-background has-mask-background nonhundred-percent-fullwidth non-hundred-percent-height-scrolling\" style=\"--awb-border-radius-top-left:0px;--awb-border-radius-top-right:0px;--awb-border-radius-bottom-right:0px;--awb-border-radius-bottom-left:0px;--awb-flex-wrap:wrap;\" ><div class=\"fusion-builder-row fusion-row fusion-flex-align-items-flex-start fusion-flex-content-wrap\" style=\"max-width:1216.8px;margin-left: calc(-4% \/ 2 );margin-right: calc(-4% \/ 2 );\"><div class=\"fusion-layout-column fusion_builder_column fusion-builder-column-0 fusion_builder_column_1_5 1_5 fusion-flex-column\" style=\"--awb-bg-size:cover;--awb-width-large:20%;--awb-margin-top-large:0px;--awb-spacing-right-large:9.6%;--awb-margin-bottom-large:20px;--awb-spacing-left-large:9.6%;--awb-width-medium:100%;--awb-order-medium:0;--awb-spacing-right-medium:1.92%;--awb-spacing-left-medium:1.92%;--awb-width-small:100%;--awb-order-small:0;--awb-spacing-right-small:1.92%;--awb-spacing-left-small:1.92%;\"><div class=\"fusion-column-wrapper fusion-column-has-shadow fusion-flex-justify-content-flex-start fusion-content-layout-column\"><div class=\"fusion-image-element \" style=\"--awb-caption-title-font-family:var(--h2_typography-font-family);--awb-caption-title-font-weight:var(--h2_typography-font-weight);--awb-caption-title-font-style:var(--h2_typography-font-style);--awb-caption-title-size:var(--h2_typography-font-size);--awb-caption-title-transform:var(--h2_typography-text-transform);--awb-caption-title-line-height:var(--h2_typography-line-height);--awb-caption-title-letter-spacing:var(--h2_typography-letter-spacing);\"><span class=\" fusion-imageframe imageframe-none imageframe-1 hover-type-none\"><img decoding=\"async\" width=\"300\" height=\"217\" title=\"Depositphotos_6463690_XL\" src=\"https:\/\/www.lk-formation.fr\/wp-content\/uploads\/2024\/12\/Depositphotos_6463690_XL-scaled.jpg\" data-orig-src=\"https:\/\/www.lk-formation.fr\/wp-content\/uploads\/2024\/12\/Depositphotos_6463690_XL-300x217.jpg\" alt class=\"lazyload img-responsive wp-image-890\" srcset=\"data:image\/svg+xml,%3Csvg%20xmlns%3D%27http%3A%2F%2Fwww.w3.org%2F2000%2Fsvg%27%20width%3D%272560%27%20height%3D%271854%27%20viewBox%3D%270%200%202560%201854%27%3E%3Crect%20width%3D%272560%27%20height%3D%271854%27%20fill-opacity%3D%220%22%2F%3E%3C%2Fsvg%3E\" data-srcset=\"https:\/\/www.lk-formation.fr\/wp-content\/uploads\/2024\/12\/Depositphotos_6463690_XL-200x145.jpg 200w, https:\/\/www.lk-formation.fr\/wp-content\/uploads\/2024\/12\/Depositphotos_6463690_XL-400x290.jpg 400w, https:\/\/www.lk-formation.fr\/wp-content\/uploads\/2024\/12\/Depositphotos_6463690_XL-600x435.jpg 600w, https:\/\/www.lk-formation.fr\/wp-content\/uploads\/2024\/12\/Depositphotos_6463690_XL-800x579.jpg 800w, https:\/\/www.lk-formation.fr\/wp-content\/uploads\/2024\/12\/Depositphotos_6463690_XL-1200x869.jpg 1200w\" data-sizes=\"auto\" data-orig-sizes=\"(max-width: 800px) 100vw, (max-width: 640px) 100vw, 200px\" \/><\/span><\/div><div class=\"fusion-separator fusion-full-width-sep\" style=\"align-self: center;margin-left: auto;margin-right: auto;width:100%;\"><div class=\"fusion-separator-border sep-double\" style=\"--awb-height:20px;--awb-amount:20px;--awb-sep-color:var(--awb-color1);border-color:var(--awb-color1);border-top-width:30px;border-bottom-width:30px;\"><\/div><\/div><div class=\"fusion-text fusion-text-1\"><p style=\"text-align: center;\"><strong>\u23f1\ufe0f DUR\u00c9E :<\/strong><\/p>\n<p style=\"text-align: center;\">&#8211; 7h sur 1 jour<\/p>\n<p style=\"text-align: center;\"><strong>\ud83d\udc65 GROUPE :<\/strong><\/p>\n<p style=\"text-align: center;\">&#8211; 4 \u00e0 10 personnes<\/p>\n<p style=\"text-align: center;\">\ud83c\udf93 <strong>PR\u00c9REQUIS :<\/strong><\/p>\n<p style=\"text-align: center;\">&#8211; Aucun<\/p>\n<p style=\"text-align: center;\"><strong>\ud83d\udc64 TYPE DE PUBLIC :<\/strong><\/p>\n<p style=\"text-align: center;\">&#8211; Tout public<\/p>\n<p style=\"text-align: center;\">&#8211; Accessible aux personnes en situation de handicap<\/p>\n<p style=\"text-align: center;\">\ud83e\udd14 <strong>M\u00c9THODES D&rsquo;\u00c9VALUATION :<\/strong><\/p>\n<p style=\"text-align: center;\">&#8211; Apport th\u00e9orique et pratique <\/p>\n<p style=\"text-align: center;\">&#8211; QCM<\/p>\n<p style=\"text-align: center;\">&#8211; Mise en situation r\u00e9elle <\/p>\n<p style=\"text-align: center;\"><strong>\u20ac TARIFS :<\/strong><\/p>\n<p style=\"text-align: center;\">&#8211; Demander un devis<\/p>\n<\/div><\/div><\/div><div class=\"fusion-layout-column fusion_builder_column fusion-builder-column-1 fusion_builder_column_4_5 4_5 fusion-flex-column\" style=\"--awb-bg-size:cover;--awb-width-large:80%;--awb-margin-top-large:0px;--awb-spacing-right-large:2.4%;--awb-margin-bottom-large:20px;--awb-spacing-left-large:2.4%;--awb-width-medium:100%;--awb-order-medium:0;--awb-spacing-right-medium:1.92%;--awb-spacing-left-medium:1.92%;--awb-width-small:100%;--awb-order-small:0;--awb-spacing-right-small:1.92%;--awb-spacing-left-small:1.92%;\"><div class=\"fusion-column-wrapper fusion-column-has-shadow fusion-flex-justify-content-flex-start fusion-content-layout-column\"><div class=\"fusion-title title fusion-title-1 fusion-sep-none fusion-title-text fusion-title-size-one\"><h1 class=\"fusion-title-heading title-heading-left fusion-responsive-typography-calculated\" style=\"margin:0;text-transform:capitalize;--fontSize:60;line-height:var(--awb-typography1-line-height);\"><h1 style=\"text-align: center;\">Equipier de premi\u00e8re intervention + Evacuation des locaux<\/h1><\/h1><\/div><div class=\"fusion-separator fusion-full-width-sep\" style=\"align-self: center;margin-left: auto;margin-right: auto;width:100%;\"><div class=\"fusion-separator-border sep-double\" style=\"--awb-height:20px;--awb-amount:20px;--awb-sep-color:var(--awb-color1);border-color:var(--awb-color1);border-top-width:30px;border-bottom-width:30px;\"><\/div><\/div><div class=\"fusion-text fusion-text-2\"><p style=\"text-align: center;\"><strong>\ud83c\udfaf Objectif p\u00e9dagogique :<\/strong><\/p>\n<ul>\n<li>Avoir les connaissances th\u00e9oriques et pratiques relatives \u00e0 la pr\u00e9vention et \u00e0 la lutte contre les incendies<\/li>\n<li>Savoir manipuler un SSI et conna\u00eetre les consignes d&rsquo;\u00e9vacuation<\/li>\n<li>\u00c9vacuer efficacement et rejoindre le point de rassemblement<\/li>\n<\/ul>\n<p style=\"text-align: center;\"><strong>\ud83d\udcbc Contenu de la formation :<\/strong><\/p>\n<ul>\n<li style=\"text-align: left;\"><strong>Th\u00e9orie :<\/strong><\/li>\n<\/ul>\n<p>La diff\u00e9rence entre un feu et un incendie<\/p>\n<p>Les diff\u00e9rents modes de propagation du feu<\/p>\n<p>Le triangle du feu<\/p>\n<p>Cons\u00e9quences et causes d\u2019un incendie <\/p>\n<p>Les effets sur l&rsquo;homme<\/p>\n<p>Les classes de feu<\/p>\n<p>Les diff\u00e9rents types d\u2019extincteurs et leurs r\u00f4les<\/p>\n<p>Les r\u00e8gles de s\u00e9curit\u00e9 sur les extincteurs<\/p>\n<p>L\u2019alerte et alarme<\/p>\n<p>Les principes de pr\u00e9vention et signalisation<\/p>\n<p>Les techniques d\u2019\u00e9vacuation par rapport aux b\u00e2timents<\/p>\n<p>Les missions d\u2019un guide et\/ou serre-file et d\u2019un charg\u00e9 de s\u00e9curit\u00e9<\/p>\n<p>Le mat\u00e9riel d&rsquo;\u00e9vacuation  <\/p>\n<p>Le syst\u00e8me de s\u00e9curit\u00e9 incendie <\/p>\n<\/p>\n<ul>\n<li><strong>Pratique :<\/strong><\/li>\n<\/ul>\n<p>Manipulation des diff\u00e9rents types d&rsquo;extincteurs<\/p>\n<p>Attaque d&rsquo;un feu r\u00e9el sur g\u00e9n\u00e9rateur de flammes <\/p>\n<p>Manipulation du SSI<\/p>\n<p>Pratiquer les diff\u00e9rents itin\u00e9raires d&rsquo;\u00e9vacuation avec le r\u00f4le de chacun <\/p>\n<p>\u00c9vacuation des locaux et rejoindre le point de rassemblement <\/p>\n<\/div><\/div><\/div><\/div><\/div>\n","protected":false},"excerpt":{"rendered":"","protected":false},"author":1,"featured_media":0,"parent":0,"menu_order":0,"comment_status":"closed","ping_status":"closed","template":"","meta":{"footnotes":""},"class_list":["post-984","page","type-page","status-publish","hentry"],"_links":{"self":[{"href":"https:\/\/www.lk-formation.fr\/index.php\/wp-json\/wp\/v2\/pages\/984","targetHints":{"allow":["GET"]}}],"collection":[{"href":"https:\/\/www.lk-formation.fr\/index.php\/wp-json\/wp\/v2\/pages"}],"about":[{"href":"https:\/\/www.lk-formation.fr\/index.php\/wp-json\/wp\/v2\/types\/page"}],"author":[{"embeddable":true,"href":"https:\/\/www.lk-formation.fr\/index.php\/wp-json\/wp\/v2\/users\/1"}],"replies":[{"embeddable":true,"href":"https:\/\/www.lk-formation.fr\/index.php\/wp-json\/wp\/v2\/comments?post=984"}],"version-history":[{"count":16,"href":"https:\/\/www.lk-formation.fr\/index.php\/wp-json\/wp\/v2\/pages\/984\/revisions"}],"predecessor-version":[{"id":1119,"href":"https:\/\/www.lk-formation.fr\/index.php\/wp-json\/wp\/v2\/pages\/984\/revisions\/1119"}],"wp:attachment":[{"href":"https:\/\/www.lk-formation.fr\/index.php\/wp-json\/wp\/v2\/media?parent=984"}],"curies":[{"name":"wp","href":"https:\/\/api.w.org\/{rel}","templated":true}]}}